{"id":55,"date":"2023-08-30T13:26:28","date_gmt":"2023-08-30T11:26:28","guid":{"rendered":"https:\/\/vespuccilab.com\/index.php\/home\/"},"modified":"2024-06-26T13:44:33","modified_gmt":"2024-06-26T11:44:33","slug":"home","status":"publish","type":"page","link":"https:\/\/vespuccilab.com\/","title":{"rendered":"Home"},"content":{"rendered":"\t\t<div data-elementor-type=\"wp-page\" data-elementor-id=\"55\" class=\"elementor elementor-55\">\n\t\t\t\t<div class=\"elementor-element elementor-element-0a4660f e-flex e-con-boxed e-con e-parent\" data-id=\"0a4660f\" data-element_type=\"container\" data-settings=\"{&quot;background_background&quot;:&quot;classic&quot;}\">\n\t\t\t\t\t<div class=\"e-con-inner\">\n\t\t\t\t<div class=\"elementor-element elementor-element-71e2fdc elementor-widget elementor-widget-image\" data-id=\"71e2fdc\" data-element_type=\"widget\" data-widget_type=\"image.default\">\n\t\t\t\t\t\t\t\t\t\t\t\t\t\t\t\t<a href=\"https:\/\/vespuccilab.com\/\">\n\t\t\t\t\t\t\t<img decoding=\"async\" src=\"https:\/\/vespuccilab.com\/wp-content\/uploads\/2023\/08\/VespucciLab_1ligne.png\" title=\"Vespucci lab d\u00e9carbonation moteurs de bateaux\" alt=\"Vespucci lab d\u00e9carbonation moteurs de bateaux\" loading=\"lazy\" \/>\t\t\t\t\t\t\t\t<\/a>\n\t\t\t\t\t\t\t\t\t\t\t\t\t\t\t<\/div>\n\t\t\t\t\t<\/div>\n\t\t\t\t<\/div>\n\t\t\t\t<section class=\"elementor-section elementor-top-section elementor-element elementor-element-7d98c7bb elementor-section-height-min-height elementor-section-items-stretch elementor-section-content-middle elementor-section-full_width elementor-section-height-default\" data-id=\"7d98c7bb\" data-element_type=\"section\" data-settings=\"{&quot;background_background&quot;:&quot;classic&quot;}\">\n\t\t\t\t\t\t<div class=\"elementor-container elementor-column-gap-default\">\n\t\t\t\t\t<div class=\"elementor-column elementor-col-100 elementor-top-column elementor-element elementor-element-73750f35\" data-id=\"73750f35\" data-element_type=\"column\" data-settings=\"{&quot;background_background&quot;:&quot;classic&quot;}\">\n\t\t\t<div class=\"elementor-widget-wrap elementor-element-populated\">\n\t\t\t\t<div class=\"elementor-element elementor-element-0f01a8f e-con-full e-flex e-con e-parent\" data-id=\"0f01a8f\" data-element_type=\"container\" data-settings=\"{&quot;background_background&quot;:&quot;classic&quot;}\">\n\t\t\t\t<div class=\"elementor-element elementor-element-8984aff elementor-widget elementor-widget-heading\" data-id=\"8984aff\" data-element_type=\"widget\" data-widget_type=\"heading.default\">\n\t\t\t\t\t<h2 class=\"elementor-heading-title elementor-size-default\">Nous d\u00e9carbonons les moteurs de bateaux<\/h2>\t\t\t\t<\/div>\n\t\t\t\t<\/div>\n\t\t<div class=\"elementor-element elementor-element-3f34f2e e-flex e-con-boxed e-con e-parent\" data-id=\"3f34f2e\" data-element_type=\"container\">\n\t\t\t\t\t<div class=\"e-con-inner\">\n\t\t<div class=\"elementor-element elementor-element-f428d10 e-flex e-con-boxed e-con e-child\" data-id=\"f428d10\" data-element_type=\"container\">\n\t\t\t\t\t<div class=\"e-con-inner\">\n\t\t\t\t<div class=\"elementor-element elementor-element-656d4ce elementor-widget elementor-widget-image\" data-id=\"656d4ce\" data-element_type=\"widget\" data-widget_type=\"image.default\">\n\t\t\t\t\t\t\t\t\t\t\t\t\t\t\t\t<a href=\"https:\/\/ethabox.com\" target=\"_blank\">\n\t\t\t\t\t\t\t<img fetchpriority=\"high\" decoding=\"async\" width=\"300\" height=\"236\" src=\"https:\/\/vespuccilab.com\/wp-content\/uploads\/2023\/08\/ETHABOX-logo-1000-300x236.png\" class=\"attachment-medium size-medium wp-image-79\" alt=\"\" srcset=\"https:\/\/vespuccilab.com\/wp-content\/uploads\/2023\/08\/ETHABOX-logo-1000-300x236.png 300w, https:\/\/vespuccilab.com\/wp-content\/uploads\/2023\/08\/ETHABOX-logo-1000-768x604.png 768w, https:\/\/vespuccilab.com\/wp-content\/uploads\/2023\/08\/ETHABOX-logo-1000.png 1000w\" sizes=\"(max-width: 300px) 100vw, 300px\" \/>\t\t\t\t\t\t\t\t<\/a>\n\t\t\t\t\t\t\t\t\t\t\t\t\t\t\t<\/div>\n\t\t\t\t<div class=\"elementor-element elementor-element-4879990 elementor-widget__width-inherit elementor-widget elementor-widget-text-editor\" data-id=\"4879990\" data-element_type=\"widget\" data-widget_type=\"text-editor.default\">\n\t\t\t\t\t\t\t\t\t<p>Ethabox convertit les moteurs de bateaux et v\u00e9hicules nautiques \u00e0 moteur (jet ski, etc.) au super \u00e9thanol E85<\/p>\t\t\t\t\t\t\t\t<\/div>\n\t\t\t\t\t<\/div>\n\t\t\t\t<\/div>\n\t\t<div class=\"elementor-element elementor-element-3eb28cd e-flex e-con-boxed e-con e-child\" data-id=\"3eb28cd\" data-element_type=\"container\">\n\t\t\t\t\t<div class=\"e-con-inner\">\n\t\t\t\t<div class=\"elementor-element elementor-element-72ae34d elementor-widget elementor-widget-image\" data-id=\"72ae34d\" data-element_type=\"widget\" data-widget_type=\"image.default\">\n\t\t\t\t\t\t\t\t\t\t\t\t\t\t\t\t<a href=\"https:\/\/hydrocarbone.com\/\" target=\"_blank\">\n\t\t\t\t\t\t\t<img decoding=\"async\" width=\"300\" height=\"284\" src=\"https:\/\/vespuccilab.com\/wp-content\/uploads\/2023\/08\/logo_hydrocarbone_2500-300x284.png\" class=\"attachment-medium size-medium wp-image-80\" alt=\"\" srcset=\"https:\/\/vespuccilab.com\/wp-content\/uploads\/2023\/08\/logo_hydrocarbone_2500-300x284.png 300w, https:\/\/vespuccilab.com\/wp-content\/uploads\/2023\/08\/logo_hydrocarbone_2500-1024x968.png 1024w, https:\/\/vespuccilab.com\/wp-content\/uploads\/2023\/08\/logo_hydrocarbone_2500-768x726.png 768w, https:\/\/vespuccilab.com\/wp-content\/uploads\/2023\/08\/logo_hydrocarbone_2500-1536x1452.png 1536w, https:\/\/vespuccilab.com\/wp-content\/uploads\/2023\/08\/logo_hydrocarbone_2500-2048x1936.png 2048w\" sizes=\"(max-width: 300px) 100vw, 300px\" \/>\t\t\t\t\t\t\t\t<\/a>\n\t\t\t\t\t\t\t\t\t\t\t\t\t\t\t<\/div>\n\t\t\t\t<div class=\"elementor-element elementor-element-634a225 elementor-widget__width-inherit elementor-widget elementor-widget-text-editor\" data-id=\"634a225\" data-element_type=\"widget\" data-widget_type=\"text-editor.default\">\n\t\t\t\t\t\t\t\t\t<p>Hydrocarbone d\u00e9carbone les moteurs de bateaux Diesel en les d\u00e9calaminant \u00e0 l&#8217;hydrog\u00e8ne<\/p>\t\t\t\t\t\t\t\t<\/div>\n\t\t\t\t\t<\/div>\n\t\t\t\t<\/div>\n\t\t\t\t\t<\/div>\n\t\t\t\t<\/div>\n\t\t<div class=\"elementor-element elementor-element-bcdc770 e-flex e-con-boxed e-con e-parent\" data-id=\"bcdc770\" data-element_type=\"container\">\n\t\t\t\t\t<div class=\"e-con-inner\">\n\t\t\t\t<div class=\"elementor-element elementor-element-1414f5d elementor-widget__width-inherit elementor-widget elementor-widget-text-editor\" data-id=\"1414f5d\" data-element_type=\"widget\" data-widget_type=\"text-editor.default\">\n\t\t\t\t\t\t\t\t\t<p>Vespucci Lab est une <a href=\"https:\/\/vespuccilab.com\/index.php\/entreprise-a-mission\/\">entreprise \u00e0 mission<\/a> dont l&#8217;objet est la d\u00e9carbonation du nautisme et du maritime.<br \/><a href=\"https:\/\/ethabox.com\/\" target=\"_blank\" rel=\"noopener\">Ethabox<\/a> et <a href=\"https:\/\/hydrocarbone.com\/\" target=\"_blank\" rel=\"noopener\">Hydrocarbone<\/a> sont des marques d\u00e9pos\u00e9es de Vespucci Lab.<\/p>\t\t\t\t\t\t\t\t<\/div>\n\t\t\t\t\t<\/div>\n\t\t\t\t<\/div>\n\t\t<div class=\"elementor-element elementor-element-d343f23 e-flex e-con-boxed e-con e-parent\" data-id=\"d343f23\" data-element_type=\"container\" data-settings=\"{&quot;background_background&quot;:&quot;classic&quot;}\">\n\t\t\t\t\t<div class=\"e-con-inner\">\n\t\t\t\t<div class=\"elementor-element elementor-element-fb67068 elementor-widget elementor-widget-text-editor\" data-id=\"fb67068\" data-element_type=\"widget\" data-widget_type=\"text-editor.default\">\n\t\t\t\t\t\t\t\t\t<p><a href=\"https:\/\/vespuccilab.com\/index.php\/entreprise-a-mission\/\">Vespucci Lab : Entreprise \u00e0 mission | <\/a><a href=\"https:\/\/vespuccilab.com\/index.php\/politique-de-confidentialite\/\">Politique de confidentialit\u00e9<\/a><\/p>\t\t\t\t\t\t\t\t<\/div>\n\t\t\t\t<div class=\"elementor-element elementor-element-339e0ee elementor-widget elementor-widget-text-editor\" data-id=\"339e0ee\" data-element_type=\"widget\" data-widget_type=\"text-editor.default\">\n\t\t\t\t\t\t\t\t\t<p>Vespucci Lab est enregistr\u00e9e au RCS Marseille B 922 358 924 &#8211; TVA Intra :\u00a0FR76922358924 &#8211; SIRET :\u00a092235892400012<br \/>T\u00e9l\u00e9phone :\u00a004 84 89 58 32<\/p>\t\t\t\t\t\t\t\t<\/div>\n\t\t\t\t\t<\/div>\n\t\t\t\t<\/div>\n\t\t\t\t\t<\/div>\n\t\t<\/div>\n\t\t\t\t\t<\/div>\n\t\t<\/section>\n\t\t\t\t<\/div>\n\t\t","protected":false},"excerpt":{"rendered":"<p>Nous d\u00e9carbonons les moteurs de bateaux Ethabox convertit les moteurs de bateaux et v\u00e9hicules nautiques \u00e0 moteur (jet ski, etc.) au super \u00e9thanol E85 Hydrocarbone d\u00e9carbone les moteurs de bateaux Diesel en les d\u00e9calaminant \u00e0 l&#8217;hydrog\u00e8ne Vespucci Lab est une entreprise \u00e0 mission dont l&#8217;objet est la d\u00e9carbonation du nautisme et du maritime.Ethabox et Hydrocarbone [&hellip;]<\/p>\n","protected":false},"author":1,"featured_media":0,"parent":0,"menu_order":0,"comment_status":"closed","ping_status":"closed","template":"elementor_header_footer","meta":{"footnotes":""},"class_list":["post-55","page","type-page","status-publish","hentry"],"_links":{"self":[{"href":"https:\/\/vespuccilab.com\/index.php\/wp-json\/wp\/v2\/pages\/55","targetHints":{"allow":["GET"]}}],"collection":[{"href":"https:\/\/vespuccilab.com\/index.php\/wp-json\/wp\/v2\/pages"}],"about":[{"href":"https:\/\/vespuccilab.com\/index.php\/wp-json\/wp\/v2\/types\/page"}],"author":[{"embeddable":true,"href":"https:\/\/vespuccilab.com\/index.php\/wp-json\/wp\/v2\/users\/1"}],"replies":[{"embeddable":true,"href":"https:\/\/vespuccilab.com\/index.php\/wp-json\/wp\/v2\/comments?post=55"}],"version-history":[{"count":88,"href":"https:\/\/vespuccilab.com\/index.php\/wp-json\/wp\/v2\/pages\/55\/revisions"}],"predecessor-version":[{"id":301,"href":"https:\/\/vespuccilab.com\/index.php\/wp-json\/wp\/v2\/pages\/55\/revisions\/301"}],"wp:attachment":[{"href":"https:\/\/vespuccilab.com\/index.php\/wp-json\/wp\/v2\/media?parent=55"}],"curies":[{"name":"wp","href":"https:\/\/api.w.org\/{rel}","templated":true}]}}